{"id":107,"date":"2012-01-10T16:57:53","date_gmt":"2012-01-10T16:57:53","guid":{"rendered":"http:\/\/feistel-racing.de\/?page_id=107"},"modified":"2018-07-17T10:06:03","modified_gmt":"2018-07-17T10:06:03","slug":"jochen-mentges","status":"publish","type":"page","link":"http:\/\/feistel-racing.de\/?page_id=107","title":{"rendered":"Jochen Mentges"},"content":{"rendered":"<div>\n<div><span style=\"color: #000000;\"><strong><img decoding=\"async\" loading=\"lazy\" class=\"alignleft size-full wp-image-1975\" src=\"http:\/\/feistel-racing.de\/wp-content\/uploads\/2018\/07\/Portrait_Jochen.jpg\" alt=\"\" height=\"300\" width=\"200\">Wohnort: <\/strong><\/span><\/div>\n<div><span style=\"color: #000000;\">M\u00fcnchen<\/span><\/div>\n<\/div>\n<div>&nbsp;<\/div>\n<div>&nbsp;<\/div>\n<div>\n<div><span style=\"color: #000000;\"><strong>T\u00e4tigkeit: <\/strong><\/span><\/div>\n<div><span style=\"color: #000000;\">berufst\u00e4tig<\/span><\/div>\n<\/div>\n<div>&nbsp;<\/div>\n<div>&nbsp;<\/div>\n<div>\n<div><span style=\"color: #000000;\"><strong>Sonstiger Sport: <\/strong><\/span><\/div>\n<div><span style=\"color: #000000;\">Skifahren, Joggen, Wandern<\/span><\/div>\n<\/div>\n<div id=\"wp_fb_like_button\" style=\"margin:5px 0;float:none;height:100px;\"><script src=\"http:\/\/connect.facebook.net\/en_US\/all.js#xfbml=1\"><\/script><fb:like href=\"http:\/\/feistel-racing.de\/?page_id=107\" send=\"false\" layout=\"standard\" width=\"450\" show_faces=\"true\" font=\"arial\" action=\"like\" colorscheme=\"light\"><\/fb:like><\/div>","protected":false},"excerpt":{"rendered":"<p>Wohnort: M\u00fcnchen &nbsp; &nbsp; T\u00e4tigkeit: berufst\u00e4tig &nbsp; &nbsp; Sonstiger Sport: Skifahren, Joggen, Wandern<\/p>\n","protected":false},"author":1,"featured_media":0,"parent":18,"menu_order":0,"comment_status":"closed","ping_status":"open","template":"page-altleft.php","meta":{"ngg_post_thumbnail":0,"footnotes":""},"_links":{"self":[{"href":"http:\/\/feistel-racing.de\/index.php?rest_route=\/wp\/v2\/pages\/107"}],"collection":[{"href":"http:\/\/feistel-racing.de\/index.php?rest_route=\/wp\/v2\/pages"}],"about":[{"href":"http:\/\/feistel-racing.de\/index.php?rest_route=\/wp\/v2\/types\/page"}],"author":[{"embeddable":true,"href":"http:\/\/feistel-racing.de\/index.php?rest_route=\/wp\/v2\/users\/1"}],"replies":[{"embeddable":true,"href":"http:\/\/feistel-racing.de\/index.php?rest_route=%2Fwp%2Fv2%2Fcomments&post=107"}],"version-history":[{"count":12,"href":"http:\/\/feistel-racing.de\/index.php?rest_route=\/wp\/v2\/pages\/107\/revisions"}],"predecessor-version":[{"id":2451,"href":"http:\/\/feistel-racing.de\/index.php?rest_route=\/wp\/v2\/pages\/107\/revisions\/2451"}],"up":[{"embeddable":true,"href":"http:\/\/feistel-racing.de\/index.php?rest_route=\/wp\/v2\/pages\/18"}],"wp:attachment":[{"href":"http:\/\/feistel-racing.de\/index.php?rest_route=%2Fwp%2Fv2%2Fmedia&parent=107"}],"curies":[{"name":"wp","href":"https:\/\/api.w.org\/{rel}","templated":true}]}}